{"id":55,"date":"2015-03-16T22:06:41","date_gmt":"2015-03-16T21:06:41","guid":{"rendered":"http:\/\/basti.mynetix.de\/?page_id=55"},"modified":"2016-05-03T23:57:55","modified_gmt":"2016-05-03T21:57:55","slug":"startseite","status":"publish","type":"page","link":"https:\/\/sebastian-janowitz.de\/","title":{"rendered":"Startseite"},"content":{"rendered":"<h1 style=\"text-align: center;\"><strong>Herzlich Willkommen!<\/strong><\/h1>\n<div id=\"attachment_110\" style=\"width: 405px\" class=\"wp-caption aligncenter\"><a href=\"http:\/\/sebastian-janowitz.de\/wp-content\/uploads\/2015\/03\/DESK_2.jpg\"><img loading=\"lazy\" decoding=\"async\" aria-describedby=\"caption-attachment-110\" class=\"size-full wp-image-110\" src=\"http:\/\/sebastian-janowitz.de\/wp-content\/uploads\/2015\/03\/DESK_2.jpg\" alt=\"\u00a9 Sebastian Janowitz 2015\" width=\"395\" height=\"336\" srcset=\"https:\/\/sebastian-janowitz.de\/wp-content\/uploads\/2015\/03\/DESK_2.jpg 395w, https:\/\/sebastian-janowitz.de\/wp-content\/uploads\/2015\/03\/DESK_2-300x255.jpg 300w, https:\/\/sebastian-janowitz.de\/wp-content\/uploads\/2015\/03\/DESK_2-100x85.jpg 100w, https:\/\/sebastian-janowitz.de\/wp-content\/uploads\/2015\/03\/DESK_2-150x128.jpg 150w\" sizes=\"auto, (max-width: 395px) 100vw, 395px\" \/><\/a><p id=\"caption-attachment-110\" class=\"wp-caption-text\">\u00a9 Sebastian Janowitz 2015<\/p><\/div>\n<p style=\"text-align: center;\">Ich freue mich, sie auf dieser Seite begr\u00fc\u00dfen zu d\u00fcrfen. Ich lade sie ein, mich ein St\u00fcck weit auf meinem Weg zu begleiten. Schauen sie mir bei der Arbeit an meinen Projekten \u00fcber die Schulter, nehmen sie an meinem Autorenalltag teil und st\u00f6bern sie in meinen Geschichten.<\/p>\n<p style=\"text-align: center;\">Das Schreiben von Geschichten ist mir wichtig und um so sch\u00f6ner ist das Autorenhandwerk f\u00fcr mich, wenn meine Geschichten am Ende den Weg zu den Lesern finden.<\/p>\n<p style=\"text-align: center;\">Vielen Dank f\u00fcr ihren Besuch.<\/p>\n<p style=\"text-align: center;\">\n<p>&nbsp;<\/p>\n<p>&nbsp;<\/p>\n<p>\u00a9Sebastian Janowitz. Bitte beachten sie das Urheberrecht. Kopieren, vervielf\u00e4ltigen oder ver\u00f6ffentlichen sie keine Texte, Bilder oder andere Medien dieser Seite ohne ausdr\u00fcckliche schriftliche Genehmigung.<\/p>\n","protected":false},"excerpt":{"rendered":"<p>Herzlich Willkommen! Ich freue mich, sie auf dieser Seite begr\u00fc\u00dfen zu d\u00fcrfen. Ich lade sie ein, mich ein St\u00fcck weit auf meinem Weg zu begleiten. Schauen sie mir bei der Arbeit an meinen Projekten \u00fcber die Schulter, nehmen sie an meinem Autorenalltag teil und st\u00f6bern sie in meinen Geschichten. Das Schreiben von Geschichten ist mir&hellip;<\/p>\n","protected":false},"author":1,"featured_media":0,"parent":0,"menu_order":1,"comment_status":"open","ping_status":"open","template":"page-without-comments.php","meta":{"footnotes":""},"class_list":["post-55","page","type-page","status-publish","hentry"],"_links":{"self":[{"href":"https:\/\/sebastian-janowitz.de\/index.php?rest_route=\/wp\/v2\/pages\/55","targetHints":{"allow":["GET"]}}],"collection":[{"href":"https:\/\/sebastian-janowitz.de\/index.php?rest_route=\/wp\/v2\/pages"}],"about":[{"href":"https:\/\/sebastian-janowitz.de\/index.php?rest_route=\/wp\/v2\/types\/page"}],"author":[{"embeddable":true,"href":"https:\/\/sebastian-janowitz.de\/index.php?rest_route=\/wp\/v2\/users\/1"}],"replies":[{"embeddable":true,"href":"https:\/\/sebastian-janowitz.de\/index.php?rest_route=%2Fwp%2Fv2%2Fcomments&post=55"}],"version-history":[{"count":17,"href":"https:\/\/sebastian-janowitz.de\/index.php?rest_route=\/wp\/v2\/pages\/55\/revisions"}],"predecessor-version":[{"id":195,"href":"https:\/\/sebastian-janowitz.de\/index.php?rest_route=\/wp\/v2\/pages\/55\/revisions\/195"}],"wp:attachment":[{"href":"https:\/\/sebastian-janowitz.de\/index.php?rest_route=%2Fwp%2Fv2%2Fmedia&parent=55"}],"curies":[{"name":"wp","href":"https:\/\/api.w.org\/{rel}","templated":true}]}}